{"id":294,"date":"2025-04-18T13:46:45","date_gmt":"2025-04-18T11:46:45","guid":{"rendered":"https:\/\/mkmserwis.pl\/?page_id=294"},"modified":"2026-01-04T12:52:53","modified_gmt":"2026-01-04T11:52:53","slug":"uslugi","status":"publish","type":"page","link":"https:\/\/mkmserwis.pl\/index.php\/uslugi\/","title":{"rendered":"Nasze Us\u0142ugi \u2013 Tw\u00f3j Sukces w Zasi\u0119gu R\u0119ki"},"content":{"rendered":"","protected":false},"excerpt":{"rendered":"","protected":false},"author":1,"featured_media":0,"parent":0,"menu_order":6,"comment_status":"closed","ping_status":"closed","template":"full-width","meta":{"saved_in_kubio":true,"_monsterinsights_skip_tracking":false,"_monsterinsights_sitenote_active":false,"_monsterinsights_sitenote_note":"","_monsterinsights_sitenote_category":0,"footnotes":""},"class_list":["post-294","page","type-page","status-publish","hentry"],"aioseo_notices":[],"kubio_ai_page_context":{"short_desc":"","purpose":"general"},"_links":{"self":[{"href":"https:\/\/mkmserwis.pl\/index.php\/wp-json\/wp\/v2\/pages\/294","targetHints":{"allow":["GET"]}}],"collection":[{"href":"https:\/\/mkmserwis.pl\/index.php\/wp-json\/wp\/v2\/pages"}],"about":[{"href":"https:\/\/mkmserwis.pl\/index.php\/wp-json\/wp\/v2\/types\/page"}],"author":[{"embeddable":true,"href":"https:\/\/mkmserwis.pl\/index.php\/wp-json\/wp\/v2\/users\/1"}],"replies":[{"embeddable":true,"href":"https:\/\/mkmserwis.pl\/index.php\/wp-json\/wp\/v2\/comments?post=294"}],"version-history":[{"count":20,"href":"https:\/\/mkmserwis.pl\/index.php\/wp-json\/wp\/v2\/pages\/294\/revisions"}],"predecessor-version":[{"id":2119,"href":"https:\/\/mkmserwis.pl\/index.php\/wp-json\/wp\/v2\/pages\/294\/revisions\/2119"}],"wp:attachment":[{"href":"https:\/\/mkmserwis.pl\/index.php\/wp-json\/wp\/v2\/media?parent=294"}],"curies":[{"name":"wp","href":"https:\/\/api.w.org\/{rel}","templated":true}]}}